{"id":192,"date":"2018-06-06T14:47:24","date_gmt":"2018-06-06T12:47:24","guid":{"rendered":"https:\/\/safa-batteries.com\/about-safa\/"},"modified":"2018-07-04T12:25:38","modified_gmt":"2018-07-04T10:25:38","slug":"a-proposito-di-safa","status":"publish","type":"page","link":"https:\/\/safa-batteries.com\/it\/a-proposito-di-safa\/","title":{"rendered":"A proposito di Safa"},"content":{"rendered":"<div class=\"wpb-content-wrapper\"><p>[vc_row type=&#8221;vc_default&#8221; full_width=&#8221;stretch_row&#8221; content_placement=&#8221;top&#8221; bg_type=&#8221;image&#8221; parallax_style=&#8221;vcpb-default&#8221; bg_image_new=&#8221;id^148|url^https:\/\/safa-batteries.com\/wp-content\/uploads\/2018\/06\/about-safa_01.jpg|caption^null|alt^null|title^about-safa_01|description^null&#8221; bg_image_repeat=&#8221;no-repeat&#8221; bg_image_size=&#8221;contain&#8221; bg_image_posiiton=&#8221;0px 0px&#8221;][vc_column]<div class=\"ult-spacer spacer-69ddc9f362747\" data-id=\"69ddc9f362747\" data-height=\"60\" data-height-mobile=\"0\" data-height-tab=\"0\" data-height-tab-portrait=\"0\" data-height-mobile-landscape=\"0\" style=\"clear:both;display:block;\"><\/div>[vc_row_inner][vc_column_inner width=&#8221;1\/2&#8243;][vc_column_text]<\/p>\n<h1>A proposito di Safa<\/h1>\n<h2>Passione per la massima potenza.<\/h2>\n<p>[\/vc_column_text][\/vc_column_inner][vc_column_inner width=&#8221;1\/2&#8243;][\/vc_column_inner][\/vc_row_inner][vc_row_inner][vc_column_inner width=&#8221;1\/12&#8243;]<div class=\"ult-spacer spacer-69ddc9f362767\" data-id=\"69ddc9f362767\" data-height=\"15\" data-height-mobile=\"15\" data-height-tab=\"15\" data-height-tab-portrait=\"\" data-height-mobile-landscape=\"\" style=\"clear:both;display:block;\"><\/div><div class=\"hr-thin style-line\" style=\"width: 100%;border-color: #cd071e;border-top-width: 5px;\"><\/div>[\/vc_column_inner][vc_column_inner width=&#8221;5\/12&#8243; css=&#8221;.vc_custom_1526573508769{margin-right: 0px !important;padding-right: 0px !important;}&#8221;][vc_column_text]<strong>Design entusiasmante, performance irresistibili, pura emozione. Cos\u00ec dev\u2019essere un\u2019auto. Potenti dal primo giro del motore, sicure da maneggiare e affidabili in ogni situazione: cos\u00ec sono le batterie Safa.<\/strong><\/p>\n<p>Sulle lunghe distanze, nei continui start e stop del traffico cittadino, nella ricerca di parcheggio nelle vie pi\u00f9 strette. Godetevi ogni chilometro con Safa, il grande marchio della tradizione italiana che ha fissato gi\u00e0 negli anni \u201930 gli standard nel settore dell\u2019alimentazione elettrica mobile. Con la stessa passione con cui perfezionava i suoi prodotti, Safa si \u00e8 impegnata in competizioni sportive per dimostrare la potenza delle sue batterie. Questo \u00e8 lo spirito che ha caratterizzato fino a oggi la grande tradizione e il successo del marchio Safa. In un paese che ha creato moto eccezionali e anche molte delle auto pi\u00f9 belle al mondo, Safa contribuisce con un brillante esempio di tecnologia ad accrescere il mito della cultura italiana dei motori. I primi posti in tutte le corse importanti degli anni \u201940 e \u201950, una scuderia propria e tanti brevetti hanno convinto non solo automobilisti e motociclisti in numero crescente, ma anche i principali produttori di veicoli.<\/p>\n<p>Case motociclistiche come Benelli, Cagiva e MV Augusta si sono affidate a Safa, facendo di performance e stile un accordo perfetto. Safa \u00e8 un marchio di Johnson Controls, leader nel mondo nella produzione di batterie per auto. Safa dispone perci\u00f2 di un eccellente know-how nel primo equipaggiamento e contemporaneamente di una vasta gamma di prodotti di alta qualit\u00e0. Cos\u00ec sono disponibili gi\u00e0 da oggi batterie per le vetture del futuro, in particolare per i modelli microibridi con sistema Start-Stop automatico. Manutenzione zero, una gamma di prodotti ben concepita e un supporto di prim\u2019ordine ai rivenditori sono presupposti irrinunciabili per Safa.<\/p>\n<p>Con Safa non vi assicurate soltanto una sensazione di assoluta libert\u00e0 e individualit\u00e0, ma anche una tecnologia avanzata, per il massimo delle prestazioni e dell\u2019affidabilit\u00e0.[\/vc_column_text][\/vc_column_inner][vc_column_inner width=&#8221;1\/2&#8243;][\/vc_column_inner][\/vc_row_inner][\/vc_column][\/vc_row][vc_row][vc_column]<div class=\"ult-spacer spacer-69ddc9f3627a9\" data-id=\"69ddc9f3627a9\" data-height=\"100\" data-height-mobile=\"100\" data-height-tab=\"100\" data-height-tab-portrait=\"\" data-height-mobile-landscape=\"\" style=\"clear:both;display:block;\"><\/div>[\/vc_column][\/vc_row]<\/p>\n<\/div>","protected":false},"excerpt":{"rendered":"<p>[vc_row type=&#8221;vc_default&#8221; full_width=&#8221;stretch_row&#8221; content_placement=&#8221;top&#8221; bg_type=&#8221;image&#8221; parallax_style=&#8221;vcpb-default&#8221; bg_image_new=&#8221;id^148|url^https:\/\/safa-batteries.com\/wp-content\/uploads\/2018\/06\/about-safa_01.jpg|caption^null|alt^null|title^about-safa_01|description^null&#8221; bg_image_repeat=&#8221;no-repeat&#8221; bg_image_size=&#8221;contain&#8221; bg_image_posiiton=&#8221;0px 0px&#8221;][vc_column][vc_row_inner][vc_column_inner width=&#8221;1\/2&#8243;][vc_column_text] A proposito di Safa Passione per la massima potenza. [\/vc_column_text][\/vc_column_inner][vc_column_inner width=&#8221;1\/2&#8243;][\/vc_column_inner][\/vc_row_inner][vc_row_inner][vc_column_inner width=&#8221;1\/12&#8243;][\/vc_column_inner][vc_column_inner width=&#8221;5\/12&#8243; css=&#8221;.vc_custom_1526573508769{margin-right: 0px !important;padding-right: 0px !important;}&#8221;][vc_column_text]Design entusiasmante, performance irresistibili, pura emozione. Cos\u00ec dev\u2019essere un\u2019auto. Potenti dal primo giro del motore, sicure da maneggiare e affidabili in ogni situazione: cos\u00ec sono le&hellip;<\/p>\n","protected":false},"author":1,"featured_media":0,"parent":0,"menu_order":0,"comment_status":"closed","ping_status":"open","template":"","meta":{"footnotes":""},"class_list":["post-192","page","type-page","status-publish","hentry","description-off"],"_links":{"self":[{"href":"https:\/\/safa-batteries.com\/it\/wp-json\/wp\/v2\/pages\/192","targetHints":{"allow":["GET"]}}],"collection":[{"href":"https:\/\/safa-batteries.com\/it\/wp-json\/wp\/v2\/pages"}],"about":[{"href":"https:\/\/safa-batteries.com\/it\/wp-json\/wp\/v2\/types\/page"}],"author":[{"embeddable":true,"href":"https:\/\/safa-batteries.com\/it\/wp-json\/wp\/v2\/users\/1"}],"replies":[{"embeddable":true,"href":"https:\/\/safa-batteries.com\/it\/wp-json\/wp\/v2\/comments?post=192"}],"version-history":[{"count":5,"href":"https:\/\/safa-batteries.com\/it\/wp-json\/wp\/v2\/pages\/192\/revisions"}],"predecessor-version":[{"id":306,"href":"https:\/\/safa-batteries.com\/it\/wp-json\/wp\/v2\/pages\/192\/revisions\/306"}],"wp:attachment":[{"href":"https:\/\/safa-batteries.com\/it\/wp-json\/wp\/v2\/media?parent=192"}],"curies":[{"name":"wp","href":"https:\/\/api.w.org\/{rel}","templated":true}]}}