{"id":209,"date":"2018-06-06T14:57:10","date_gmt":"2018-06-06T12:57:10","guid":{"rendered":"https:\/\/safa-batteries.com\/retailer-search\/"},"modified":"2018-06-26T14:17:22","modified_gmt":"2018-06-26T12:17:22","slug":"ricerca-rivenditori","status":"publish","type":"page","link":"https:\/\/safa-batteries.com\/it\/ricerca-rivenditori\/","title":{"rendered":"Ricerca rivenditori"},"content":{"rendered":"<div class=\"wpb-content-wrapper\"><p>[vc_row type=&#8221;vc_default&#8221; full_width=&#8221;stretch_row&#8221; content_placement=&#8221;top&#8221; bg_type=&#8221;image&#8221; parallax_style=&#8221;vcpb-default&#8221; bg_image_new=&#8221;id^171|url^https:\/\/www.berga-batterien.com\/wp-content\/uploads\/2018\/05\/hg_haendler_service.jpg|caption^null|alt^null|title^hg_haendler_service|description^null&#8221; bg_image_repeat=&#8221;no-repeat&#8221; bg_image_posiiton=&#8221;0px 0px&#8221;][vc_column]<div class=\"ult-spacer spacer-69ddc99dc12be\" data-id=\"69ddc99dc12be\" data-height=\"60\" data-height-mobile=\"0\" data-height-tab=\"0\" data-height-tab-portrait=\"0\" data-height-mobile-landscape=\"0\" style=\"clear:both;display:block;\"><\/div>[vc_column_text]<\/p>\n<h1>RICERCA RIVENDITORI<\/h1>\n<p>[\/vc_column_text]<div class=\"ult-spacer spacer-69ddc99dc12e5\" data-id=\"69ddc99dc12e5\" data-height=\"32\" data-height-mobile=\"0\" data-height-tab=\"0\" data-height-tab-portrait=\"0\" data-height-mobile-landscape=\"0\" style=\"clear:both;display:block;\"><\/div>[vc_row_inner][vc_column_inner width=&#8221;1\/12&#8243;]<div class=\"ult-spacer spacer-69ddc99dc12ff\" data-id=\"69ddc99dc12ff\" data-height=\"15\" data-height-mobile=\"15\" data-height-tab=\"15\" data-height-tab-portrait=\"\" data-height-mobile-landscape=\"\" style=\"clear:both;display:block;\"><\/div><div class=\"hr-thin style-line\" style=\"width: 100%;border-color: #cd071e;border-top-width: 5px;\"><\/div>[\/vc_column_inner][vc_column_inner width=&#8221;2\/3&#8243;][vc_column_text]<\/p>\n<h3>Dove posso acquistare una batteria Safa?<\/h3>\n<p>Qui trovate tutti gli indirizzi per contattare Safa.<br \/>\nNavigate all\u2019interno della cartina per selezionare il Paese che vi interessa.[\/vc_column_text][\/vc_column_inner][vc_column_inner width=&#8221;1\/4&#8243;][\/vc_column_inner][\/vc_row_inner][vc_row_inner][vc_column_inner]<div class=\"ult-spacer spacer-69ddc99dc134b\" data-id=\"69ddc99dc134b\" data-height=\"32\" data-height-mobile=\"32\" data-height-tab=\"32\" data-height-tab-portrait=\"\" data-height-mobile-landscape=\"\" style=\"clear:both;display:block;\"><\/div>[\/vc_column_inner][\/vc_row_inner][\/vc_column][\/vc_row][vc_row type=&#8221;vc_default&#8221; full_width=&#8221;stretch_row&#8221;][vc_column][vc_row_inner][vc_column_inner width=&#8221;1\/12&#8243;][\/vc_column_inner][vc_column_inner width=&#8221;2\/3&#8243;][vc_column_text]<strong>ITALY<\/strong>[\/vc_column_text][\/vc_column_inner][vc_column_inner width=&#8221;1\/4&#8243;][\/vc_column_inner][\/vc_row_inner][vc_row_inner][vc_column_inner width=&#8221;1\/12&#8243;][\/vc_column_inner][vc_column_inner width=&#8221;1\/3&#8243;][vc_column_text]<strong>ABD SRL <\/strong><br \/>\nVIA LUCONI 3\/BIS Z.I.<br \/>\n60035 JESI (AN)<br \/>\nTel.: 0731215012<br \/>\nFax: 0731206000<br \/>\nE-mail: <a href=\"mailto:ricambi@abdsrl.it\">ricambi@abdsrl.it<\/a>[\/vc_column_text][\/vc_column_inner][vc_column_inner width=&#8221;1\/3&#8243;][vc_column_text]ACCUMULATORI ELETTRICI PM SRL<br \/>\nVIA LEONARDO DA VINCI 22<br \/>\n10093 COLLEGNO<br \/>\nTel: 011 4115810<br \/>\nFax: 011 4117575<br \/>\nE-mail: <a href=\"mailto:pmbatterie@virgilio.it\">pmbatterie@virgilio.it<\/a>[\/vc_column_text][\/vc_column_inner][vc_column_inner width=&#8221;1\/4&#8243;][vc_column_text]<strong>ALDO ROMEO SRL <\/strong><br \/>\nVIA L. ALBERTINI, 36<br \/>\n60131 ANCONA (AN)<br \/>\nTel.: 0712916202<br \/>\nFax: 0714193000<br \/>\nE-mail: <a href=\"mailto:info.an@aldoromeosrl.it\">info.an@aldoromeosrl.it <\/a><br \/>\nURL: <a href=\"http:\/\/www.aldoromeosrl.it\" target=\"_blank\" rel=\"noopener\">www.aldoromeosrl.it<\/a>[\/vc_column_text][\/vc_column_inner][\/vc_row_inner][vc_row_inner][vc_column_inner width=&#8221;1\/12&#8243;][\/vc_column_inner][vc_column_inner width=&#8221;1\/3&#8243;][vc_column_text]<strong>AUREA <\/strong><br \/>\nGALLIANO 8<br \/>\n42124 REGGIO EMILIA<br \/>\nTel.: 0522 512977<br \/>\nE-mail: <a href=\"mailto:info@aurea.it\">info@aurea.it<\/a>[\/vc_column_text][\/vc_column_inner][vc_column_inner width=&#8221;1\/3&#8243;][vc_column_text]<strong>AUTOFFICINA MARTINELLI ROBERTO <\/strong><br \/>\nDEI MARTIRI 22<br \/>\n42010 RIO SALICETO (RE)<br \/>\nTel: 0522699141<br \/>\nFax: 0522699141<br \/>\nE-mail: <a href=\"mailto:martinell@tin.it\">martinell@tin.it<\/a>[\/vc_column_text][\/vc_column_inner][vc_column_inner width=&#8221;1\/4&#8243;][vc_column_text]<strong>AUTOFFICINA TASSELLI<\/strong><br \/>\nZUCCARDI 10<br \/>\n42012 CAMPAGNOLO EMILIA (RE)<br \/>\nTel.: 0522652859<br \/>\nFax: 0522652859<br \/>\nE-mail: <a href=\"mailto:autofficinatasselli@gmail.com\">autofficinatasselli@gmail.com<\/a>[\/vc_column_text][\/vc_column_inner][\/vc_row_inner][vc_row_inner][vc_column_inner width=&#8221;1\/12&#8243;][\/vc_column_inner][vc_column_inner width=&#8221;1\/3&#8243;][vc_column_text]<strong>AUTORICAMBI F.LLI BRUNDU &amp; C. SNC<\/strong><br \/>\nVIA CAVALLOTTI 20<br \/>\n09072 CABRAS (OR)<br \/>\nTel.: 0783-290625[\/vc_column_text][\/vc_column_inner][vc_column_inner width=&#8221;1\/3&#8243;][vc_column_text]<strong>BAT.MA S.A.S .<\/strong><br \/>\nSTR.DA SETTIMO 25<br \/>\n10154 TORINO (TO)<br \/>\nTel.: 011\/2059095<br \/>\nFax: 011\/2059095<br \/>\nE-mail: <a href=\"mailto:batmasas@tiscali.it\">batmasas@tiscali.it<\/a><br \/>\nE-mail <a href=\"mailto:batmasas@gmail.com\">batmasas@gmail.com<\/a>[\/vc_column_text][\/vc_column_inner][vc_column_inner width=&#8221;1\/4&#8243;][vc_column_text]<strong>BONETTI AUTO<\/strong><br \/>\nXXV APRILE 52<br \/>\n42042 FABBRICO (RE)<br \/>\nTel.: 0522665188<br \/>\nFax: 0522665188<br \/>\nE-mail: <a href=\"mailto:bonettiauto@fastwebnet.it\">bonettiauto@fastwebnet.it<\/a>[\/vc_column_text][\/vc_column_inner][\/vc_row_inner][vc_row_inner][vc_column_inner width=&#8221;1\/12&#8243;][\/vc_column_inner][vc_column_inner width=&#8221;1\/3&#8243;][vc_column_text]<strong>C.E.F. S.C.R.L.<\/strong><br \/>\nVIA PONTE A QUARACCHI 44\/44A<br \/>\n50019 SESTO FIORENTINO<br \/>\nTel.: 055 351574<br \/>\nFax: 055 352922<br \/>\nE-mail: <a href=\"mailto:INFO@CEF-FI.191.IT\">INFO@CEF-FI.191.IT<\/a>[\/vc_column_text][\/vc_column_inner][vc_column_inner width=&#8221;1\/3&#8243;][vc_column_text]<strong>C.R.S. CONSORZIO RICAMBISTI SICILIANI<\/strong><br \/>\nVIA DUE FONTANE S.N.<br \/>\n93100 CALTANISSETTA<br \/>\nTel.: 095\/7131051[\/vc_column_text][\/vc_column_inner][vc_column_inner width=&#8221;1\/4&#8243;][vc_column_text]<strong>CACCIAVELLANI&amp;IMMOVILLI<\/strong><br \/>\nT.TASSO 10<br \/>\n42023 CADELBOSCO SOPRA (RE)<br \/>\nTel.: 0522917707<br \/>\nE-mail: <a href=\"mailto:riccoimmovilli@virgilio.it\">riccoimmovilli@virgilio.it<\/a>[\/vc_column_text][\/vc_column_inner][\/vc_row_inner][vc_row_inner][vc_column_inner width=&#8221;1\/12&#8243;][\/vc_column_inner][vc_column_inner width=&#8221;1\/3&#8243;][vc_column_text]<strong>COMEL<\/strong><br \/>\nDELLA COOPERAZIONE 32<br \/>\n40100 BOLOGNA<br \/>\nTel.: O51 326302<br \/>\nFax: 051 325972<br \/>\nE-mail: <a href=\"mailto:info@comelspa.it\">info@comelspa.it<\/a>[\/vc_column_text][\/vc_column_inner][vc_column_inner width=&#8221;1\/3&#8243;][vc_column_text]<strong>CRIASM DI GUIDO GIAMOIERO &amp; C. SAS<\/strong><br \/>\nC.DA CORSO Z.I. DEL FULLONE<br \/>\n87018 SAN MARCO ARGENTANO (CS)<br \/>\nTel.: 0984\/518006<br \/>\nFax: 0984\/522871<br \/>\neE-mail: <a href=\"mailto:info@criasm.it\">info@criasm.it<\/a>[\/vc_column_text][\/vc_column_inner][vc_column_inner width=&#8221;1\/4&#8243;][vc_column_text]<strong>D.R.B. SRL<\/strong><br \/>\nS.P. LECCE-CAVALLINO 07<br \/>\n73020 Cavallino (LE)<br \/>\nTel.: 0832 342540[\/vc_column_text][\/vc_column_inner][\/vc_row_inner][vc_row_inner][vc_column_inner width=&#8221;1\/12&#8243;][\/vc_column_inner][vc_column_inner width=&#8221;1\/3&#8243;][vc_column_text]<strong>DDR GROUP S.R.L.<\/strong><br \/>\nVIA TRENTO 3<br \/>\n70126 BARI<br \/>\nTel.: 080 5352863<br \/>\nFax: 080 5353590<br \/>\nE-mail: <a href=\"mailto:micheleromito@dde.it\">micheleromito@dde.it<\/a>[\/vc_column_text][\/vc_column_inner][vc_column_inner width=&#8221;1\/3&#8243;][vc_column_text]<strong>Di Benedetto Michele &amp; C<\/strong><br \/>\nVia Callano, 58<br \/>\n70051 Barletta (BT)<br \/>\nTel.: 0883535090<br \/>\nFax: 0883535090<br \/>\nE-mail: <a href=\"mailto:amministrazione@dibenedettosas.it\">amministrazione@dibenedettosas.it<\/a>[\/vc_column_text][\/vc_column_inner][vc_column_inner width=&#8221;1\/4&#8243;][vc_column_text]<strong>EMMEBI AUTORICAMBI<\/strong><br \/>\nVIA CECOSLOVACCHIA 57<br \/>\n09045 QUARTU S. ELENA (CA)<br \/>\nTel.: 0708675742<br \/>\nE-mail: <a href=\"mailto:amm@emmebiricambi.it\">amm@emmebiricambi.it<\/a>[\/vc_column_text][\/vc_column_inner][\/vc_row_inner][vc_row_inner][vc_column_inner width=&#8221;1\/12&#8243;][\/vc_column_inner][vc_column_inner width=&#8221;1\/3&#8243;][vc_column_text]<strong>EMPORIO DELLA BATTERIA<\/strong><br \/>\nINTERNATI MILITARIMODENA<br \/>\nTel.: 059 280707<br \/>\nFax: 059 280707<br \/>\nE-mail: <a href=\"mailto:fabioberselli@emporiodellabatteria.it\">fabioberselli@emporiodellabatteria.it<\/a>[\/vc_column_text][\/vc_column_inner][vc_column_inner width=&#8221;1\/3&#8243;][vc_column_text]<strong>EREDI NINO LOIACONO DI MARCO &amp; VITO LOIACONO SNC<\/strong><br \/>\nVIA GIULIO PETRONI, 118\/7<br \/>\n70124 BARI (BA)<br \/>\nTel.: 080 5020854<br \/>\nFax: 080 5020454<br \/>\nURL: <a href=\"http:\/\/www.loiaconoricambi.it\" target=\"_blank\" rel=\"noopener\">www.loiaconoricambi.it<\/a>[\/vc_column_text][\/vc_column_inner][vc_column_inner width=&#8221;1\/4&#8243;][vc_column_text]<strong>F.LLI LOMBATTI<\/strong><br \/>\nNAZIONALE 163<br \/>\n43045 FORNOVO TARO (PARMA) (PR)<br \/>\nTel.: 05252322<br \/>\nFax: 052539710<br \/>\nE-mail: <a href=\"mailto:giovanni@lombatti.it\">giovanni@lombatti.it<\/a><br \/>\nURL: <a href=\"http:\/\/www.lombatti.it\">www.lombatti.it<\/a>[\/vc_column_text][\/vc_column_inner][\/vc_row_inner][vc_row_inner][vc_column_inner width=&#8221;1\/12&#8243;][\/vc_column_inner][vc_column_inner width=&#8221;1\/3&#8243;][vc_column_text]<strong>F.LLI PIZZA SNC AUTORICAMBI<\/strong><br \/>\nSS 275 KM 21.400<br \/>\n73030 LUCUGNANO FRAZ. TRICASE (LE)<br \/>\nTel.: 0833 784459[\/vc_column_text][\/vc_column_inner][vc_column_inner width=&#8221;1\/3&#8243;][vc_column_text]<strong>F.LLI SAINATO SRL<\/strong><br \/>\nVIA S.P. 1, 89<br \/>\n89013 GIOIA TAURO (RC)<br \/>\nTel.: 0966\/55390<br \/>\nE-mail: <a href=\"mailto:info@sainato.it\">info@sainato.it<\/a>[\/vc_column_text][\/vc_column_inner][vc_column_inner width=&#8221;1\/4&#8243;][vc_column_text]<strong>F.LLI SALTI<\/strong><br \/>\nFAINARDI 14A<br \/>\nPARMA<br \/>\nTel.: 0521 948611<br \/>\nFax: 0521 994010<br \/>\nE-mail: <a href=\"mailto:m.mainardi@fratellisalti.it\">m.mainardi@fratellisalti.it<\/a><br \/>\nURL: <a href=\"http:\/\/www.frantellisalti.it\">www.frantellisalti.it<\/a>[\/vc_column_text][\/vc_column_inner][\/vc_row_inner][vc_row_inner][vc_column_inner width=&#8221;1\/12&#8243;][\/vc_column_inner][vc_column_inner width=&#8221;1\/3&#8243;][vc_column_text]<strong>FALBO RICAMBI SRL<\/strong><br \/>\nS.S. 106 BIS ZONA INDUSTRIALE SETT. 4<br \/>\n87064 CORIGLIANO SCALO (CS)<br \/>\nTel.: 0983\/857172<br \/>\nE-mail: <a href=\"mailto:commerciale@falboricambi.it\">commerciale@falboricambi.it<\/a>[\/vc_column_text][\/vc_column_inner][vc_column_inner width=&#8221;1\/3&#8243;][vc_column_text]<strong>G7 FORNITURE DI CRUCIANI M. &amp; CO. SNC<\/strong><br \/>\nVIA VALTIBERINA,25<br \/>\n63074 SAN BENEDETTO DEL TRONTO (AP)<br \/>\nTel.: 0735657752<br \/>\nFax: 0735753969<br \/>\nE-mail: <a href=\"mailto:g7.forniture@gmail.com\">g7.forniture@gmail.com<\/a>[\/vc_column_text][\/vc_column_inner][vc_column_inner width=&#8221;1\/4&#8243;][vc_column_text]<strong>GEM S.R.L.<\/strong><br \/>\nVIA SAVONA 89<br \/>\n12100 CUNEO<br \/>\nTel.: 0171 436484<br \/>\nFax: 0171 403796<br \/>\nE-mail: <a href=\"mailto:info@gem-online.it\">info@gem-online.it<\/a>[\/vc_column_text][\/vc_column_inner][\/vc_row_inner][vc_row_inner][vc_column_inner width=&#8221;1\/12&#8243;][\/vc_column_inner][vc_column_inner width=&#8221;1\/3&#8243;][vc_column_text]<strong>La Laser srl<\/strong><br \/>\nAgente Safa per il Lazio<br \/>\nVia delle Case Rosse 23<br \/>\n00131 Roma<br \/>\nTel.: 06\/2253310 r.a.<br \/>\nFax: 06\/2253297<br \/>\nE-mail: <a href=\"mailto:info@lalaser.it\">info@lalaser.it<\/a>[\/vc_column_text][\/vc_column_inner][vc_column_inner width=&#8221;1\/3&#8243;][vc_column_text]<strong>M.C.A. DI MASTRONARDI GAETANO<\/strong><br \/>\nVIA CHIETI, 4\/6\/8 LOC. SALETTI Z.I.<br \/>\n66041 ATESSA (CH)<br \/>\nTel.: 0872897969<br \/>\nFax: 0872897969<br \/>\nE-mail: <a href=\"mailto:mca@mca-a.it\">mca@mca-a.it<\/a>[\/vc_column_text][\/vc_column_inner][vc_column_inner width=&#8221;1\/4&#8243;][vc_column_text]<strong>MALDOTTI S.R.L.<\/strong><br \/>\nVIA CARLO DI TOCCO 20A<br \/>\n80142 Napoli<br \/>\nTel.: 081\/7340289<br \/>\nFax: 081\/7340299<br \/>\nE-mail: <a href=\"mailto:info@maldotti.com\">info@maldotti.com<\/a><br \/>\nWeb: <a href=\"http:\/\/www.maldotti.com\" target=\"_blank\" rel=\"noopener\">www.maldotti.com<\/a>[\/vc_column_text][\/vc_column_inner][\/vc_row_inner][vc_row_inner][vc_column_inner width=&#8221;1\/12&#8243;][\/vc_column_inner][vc_column_inner width=&#8221;1\/3&#8243;][vc_column_text]<strong>MOTOR HOUSE<\/strong><br \/>\nVENEZIA N 237<br \/>\n47521 CESENA (FC)<br \/>\nTel.: 0547631667<br \/>\nFax: 0547631667[\/vc_column_text][\/vc_column_inner][vc_column_inner width=&#8221;1\/3&#8243;][vc_column_text]<strong>NAUTICA DDR SRL<\/strong><br \/>\nVIA TRENTO 3<br \/>\n70126 BARI<br \/>\nTel.: 080 5352863<br \/>\nFax: 080 5353590<br \/>\nE-mail: <a href=\"mailto:service_nautica@ddr.it\">service_nautica@ddr.it<\/a>[\/vc_column_text][\/vc_column_inner][vc_column_inner width=&#8221;1\/4&#8243;][vc_column_text]<strong>NUOVA ELETTRICITA&#8217; AUTO<\/strong><br \/>\nALESSANDRO MANZONI 14<br \/>\n47121 FORLI<br \/>\nTel.: 0543 330017<br \/>\nFax: 0543 28377<br \/>\nE-mail: <a href=\"mailto:neaforli@tin.it\">neaforli@tin.it<\/a>[\/vc_column_text][\/vc_column_inner][\/vc_row_inner][vc_row_inner][vc_column_inner width=&#8221;1\/12&#8243;][\/vc_column_inner][vc_column_inner width=&#8221;1\/3&#8243;][vc_column_text]<strong>NUOVA ELETTRICITA&#8217; AUTO<\/strong><br \/>\nCAVALCAVIA 293<br \/>\n47521 CESENA (FC)<br \/>\nTel.: 054729151<br \/>\nFax: 054729151<br \/>\nE-mail: <a href=\"mailto:neacesena@alice.it\">neacesena@alice.it<\/a>[\/vc_column_text][\/vc_column_inner][vc_column_inner width=&#8221;1\/3&#8243;][vc_column_text]<strong>ODDO AUTORICAMBI SRL<\/strong><br \/>\nPIAZZA XXI APRILE 15\/17<br \/>\n91100 Trapani (TP)<br \/>\nTel.: 0923-544048<br \/>\nFax: 0923-542435<br \/>\nE-mail: <a href=\"mailto:info@oddoautoricambi\">info@oddoautoricambi<\/a>[\/vc_column_text][\/vc_column_inner][vc_column_inner width=&#8221;1\/4&#8243;][vc_column_text]<strong>PFM &amp; CO SRL<\/strong><br \/>\nSRL VIA LA FARINA 11\/13 ME<br \/>\n98122 MESSINA<br \/>\nTel.: 090\/2938572[\/vc_column_text][\/vc_column_inner][\/vc_row_inner][vc_row_inner][vc_column_inner width=&#8221;1\/12&#8243;][\/vc_column_inner][vc_column_inner width=&#8221;1\/3&#8243;][vc_column_text]<strong>PIANGIARELLI E QUINTABA&#8217;<\/strong><br \/>\nSS 77 Km 91<br \/>\n62100 MACERATA (MC)<br \/>\nTel.: 0733279311<br \/>\nFax: 07332793343<br \/>\nE-mail: <a href=\"mailto:auto@piqu.eu\">auto@piqu.eu<\/a>[\/vc_column_text][\/vc_column_inner][vc_column_inner width=&#8221;1\/3&#8243;][vc_column_text]<strong>REA SRL<\/strong><br \/>\nS.S. 554 KM. 4.200<br \/>\n09047 SELARGIUS (CA)<br \/>\nTel.: 070573882<br \/>\nFax: 070573868<br \/>\nE-mail: <a href=\"mailto:REASRL@TISCALI.IT\">REASRL@TISCALI.IT<\/a>[\/vc_column_text][\/vc_column_inner][vc_column_inner width=&#8221;1\/4&#8243;][vc_column_text]<strong>RDP Italia di Tomeo Filippo<\/strong><br \/>\nVia G. Amendola, 97<br \/>\n73043 Copertino (LE)<br \/>\nTel.: 0832931384<br \/>\nE-mail: <a href=\"mailto:rdpitalia@libero.it\">rdpitalia@libero.it<\/a>[\/vc_column_text][\/vc_column_inner][\/vc_row_inner][vc_row_inner][vc_column_inner width=&#8221;1\/12&#8243;][\/vc_column_inner][vc_column_inner width=&#8221;1\/3&#8243;][vc_column_text]<strong>S.G.M. BATTERIE<\/strong><br \/>\nVia Petrarca 82\/84<br \/>\n50063 Figline Valdarno (FI)<br \/>\nTel.: 055 9155881[\/vc_column_text][\/vc_column_inner][vc_column_inner width=&#8221;1\/3&#8243;][vc_column_text]<strong>SOLAR SNC<\/strong><br \/>\nVia Gigliara 26<br \/>\n06038 Spello (PG)<br \/>\nTel.: 0742652730<br \/>\nE-mail: <a href=\"mailto:solarsnc@alice.it\">solarsnc@alice.it<\/a>[\/vc_column_text][\/vc_column_inner][vc_column_inner width=&#8221;1\/4&#8243;][vc_column_text]<strong>SORA SRL<\/strong><br \/>\nVIA BOARIA 52<br \/>\n48018 Faenza (RA)<br \/>\nTel. 0546\/620651[\/vc_column_text][\/vc_column_inner][\/vc_row_inner][vc_row_inner][vc_column_inner width=&#8221;1\/12&#8243;][\/vc_column_inner][vc_column_inner width=&#8221;1\/3&#8243;][vc_column_text]<strong>TUTTAUTO DAVITTI<\/strong><br \/>\nVia Monterosa 52<br \/>\n58100 Grosseto<br \/>\nTel.: 0564 455602[\/vc_column_text][\/vc_column_inner][vc_column_inner width=&#8221;1\/3&#8243;][vc_column_text]<strong>UNIBATT SNC<\/strong><br \/>\nBRERA 23\/B<br \/>\n10080 OZEGNA<br \/>\nTel.: 0124 26001<br \/>\nFax: 0124 27901<br \/>\nE-mail: <a href=\"mailto:unibatt@libero.itcen\">unibatt@libero.itcen<\/a>[\/vc_column_text][\/vc_column_inner][\/vc_row_inner][vc_row_inner][vc_column_inner width=&#8221;1\/12&#8243;][\/vc_column_inner][vc_column_inner width=&#8221;1\/3&#8243;][vc_column_text]<strong>TURKEY<\/strong>[\/vc_column_text][\/vc_column_inner][\/vc_row_inner][vc_row_inner][vc_column_inner width=&#8221;1\/12&#8243;][\/vc_column_inner][vc_column_inner width=&#8221;1\/3&#8243;][vc_column_text]<strong>City: \u0130stanbul<\/strong><br \/>\nDealer: Atak Ta\u015f\u0131t<br \/>\nResponsible: Mi\u015fel Kalma<br \/>\nPhone: 212-373 90 90<br \/>\nAddress: Black out AVM Abide-i H\u00fcrriyet Cad. No: 211C \u015ei\u015fli- \u0130stanbul- 34000<br \/>\ne-mail: <a href=\"mailto:misel@ataktasit.com.tr\">misel@ataktasit.com.tr<\/a>[\/vc_column_text][\/vc_column_inner][vc_column_inner width=&#8221;1\/3&#8243;][vc_column_text]<strong>City: Ankara<\/strong><br \/>\nDealer: Atak Ta\u015f\u0131t<br \/>\nResponsible: Haldun \u00d6zkan<br \/>\nPhone: 312-394 65 66<br \/>\nAddress: Ostim Mah. 2269 Sok. No: 42\/1 Yenimahalle-Ankara-06000<br \/>\ne-mail: <a href=\"mailto:haldun@ataktasit.com.tr\">haldun@ataktasit.com.tr<\/a>[\/vc_column_text][\/vc_column_inner][vc_column_inner width=&#8221;1\/4&#8243;][vc_column_text]<strong>City: \u0130zmir<\/strong><br \/>\nDealer: Atak Metapar<br \/>\nResponsible: Mehmet Karaku\u015f<br \/>\nPhone: 232-435 42 44<br \/>\nAddress: 3. San. Sit. 296 Sok. No: 2\/10-11 Bornova-\u0130zmir-35000<br \/>\ne-mail: <a href=\"mailto:mehmet@ataktasit.com.tr\">mehmet@ataktasit.com.tr<\/a>[\/vc_column_text][\/vc_column_inner][\/vc_row_inner][\/vc_column][\/vc_row]<\/p>\n<\/div>","protected":false},"excerpt":{"rendered":"<p>[vc_row type=&#8221;vc_default&#8221; full_width=&#8221;stretch_row&#8221; content_placement=&#8221;top&#8221; bg_type=&#8221;image&#8221; parallax_style=&#8221;vcpb-default&#8221; bg_image_new=&#8221;id^171|url^https:\/\/www.berga-batterien.com\/wp-content\/uploads\/2018\/05\/hg_haendler_service.jpg|caption^null|alt^null|title^hg_haendler_service|description^null&#8221; bg_image_repeat=&#8221;no-repeat&#8221; bg_image_posiiton=&#8221;0px 0px&#8221;][vc_column][vc_column_text] RICERCA RIVENDITORI [\/vc_column_text][vc_row_inner][vc_column_inner width=&#8221;1\/12&#8243;][\/vc_column_inner][vc_column_inner width=&#8221;2\/3&#8243;][vc_column_text] Dove posso acquistare una batteria Safa? Qui trovate tutti gli indirizzi per contattare Safa. Navigate all\u2019interno della cartina per selezionare il Paese che vi interessa.[\/vc_column_text][\/vc_column_inner][vc_column_inner width=&#8221;1\/4&#8243;][\/vc_column_inner][\/vc_row_inner][vc_row_inner][vc_column_inner][\/vc_column_inner][\/vc_row_inner][\/vc_column][\/vc_row][vc_row type=&#8221;vc_default&#8221; full_width=&#8221;stretch_row&#8221;][vc_column][vc_row_inner][vc_column_inner width=&#8221;1\/12&#8243;][\/vc_column_inner][vc_column_inner width=&#8221;2\/3&#8243;][vc_column_text]ITALY[\/vc_column_text][\/vc_column_inner][vc_column_inner width=&#8221;1\/4&#8243;][\/vc_column_inner][\/vc_row_inner][vc_row_inner][vc_column_inner width=&#8221;1\/12&#8243;][\/vc_column_inner][vc_column_inner width=&#8221;1\/3&#8243;][vc_column_text]ABD SRL VIA LUCONI 3\/BIS Z.I. 60035 JESI&hellip;<\/p>\n","protected":false},"author":1,"featured_media":0,"parent":0,"menu_order":0,"comment_status":"closed","ping_status":"open","template":"","meta":{"footnotes":""},"class_list":["post-209","page","type-page","status-publish","hentry","description-off"],"_links":{"self":[{"href":"https:\/\/safa-batteries.com\/it\/wp-json\/wp\/v2\/pages\/209","targetHints":{"allow":["GET"]}}],"collection":[{"href":"https:\/\/safa-batteries.com\/it\/wp-json\/wp\/v2\/pages"}],"about":[{"href":"https:\/\/safa-batteries.com\/it\/wp-json\/wp\/v2\/types\/page"}],"author":[{"embeddable":true,"href":"https:\/\/safa-batteries.com\/it\/wp-json\/wp\/v2\/users\/1"}],"replies":[{"embeddable":true,"href":"https:\/\/safa-batteries.com\/it\/wp-json\/wp\/v2\/comments?post=209"}],"version-history":[{"count":5,"href":"https:\/\/safa-batteries.com\/it\/wp-json\/wp\/v2\/pages\/209\/revisions"}],"predecessor-version":[{"id":289,"href":"https:\/\/safa-batteries.com\/it\/wp-json\/wp\/v2\/pages\/209\/revisions\/289"}],"wp:attachment":[{"href":"https:\/\/safa-batteries.com\/it\/wp-json\/wp\/v2\/media?parent=209"}],"curies":[{"name":"wp","href":"https:\/\/api.w.org\/{rel}","templated":true}]}}